{"id":6332,"date":"2025-05-28T15:59:30","date_gmt":"2025-05-28T12:59:30","guid":{"rendered":"https:\/\/disyeri.com.tr\/treatments\/gum-aesthetics\/"},"modified":"2025-09-04T16:48:01","modified_gmt":"2025-09-04T13:48:01","slug":"gum-aesthetics","status":"publish","type":"page","link":"https:\/\/disyeri.com.tr\/en\/treatments\/gum-aesthetics\/","title":{"rendered":"Gum Aesthetics"},"content":{"rendered":"\t\t<div data-elementor-type=\"wp-page\" data-elementor-id=\"6332\" class=\"elementor elementor-6332 elementor-6256\" data-elementor-post-type=\"page\">\n\t\t\t\t\t\t<section class=\"elementor-section elementor-top-section elementor-element elementor-element-3f11858c elementor-section-boxed elementor-section-height-default elementor-section-height-default wpr-particle-no wpr-jarallax-no wpr-parallax-no wpr-sticky-section-no\" data-id=\"3f11858c\" data-element_type=\"section\" data-e-type=\"section\" data-settings=\"{&quot;background_background&quot;:&quot;classic&quot;}\">\n\t\t\t\t\t\t<div class=\"elementor-container elementor-column-gap-default\">\n\t\t\t\t\t<div class=\"elementor-column elementor-col-100 elementor-top-column elementor-element elementor-element-254cf536\" data-id=\"254cf536\" data-element_type=\"column\" data-e-type=\"column\">\n\t\t\t<div class=\"elementor-widget-wrap elementor-element-populated\">\n\t\t\t\t\t\t<section class=\"elementor-section elementor-inner-section elementor-element elementor-element-39ea55b6 elementor-section-boxed elementor-section-height-default elementor-section-height-default wpr-particle-no wpr-jarallax-no wpr-parallax-no wpr-sticky-section-no\" data-id=\"39ea55b6\" data-element_type=\"section\" data-e-type=\"section\">\n\t\t\t\t\t\t<div class=\"elementor-container elementor-column-gap-default\">\n\t\t\t\t\t<div class=\"elementor-column elementor-col-100 elementor-inner-column elementor-element elementor-element-354ddc2d\" data-id=\"354ddc2d\" data-element_type=\"column\" data-e-type=\"column\">\n\t\t\t<div class=\"elementor-widget-wrap elementor-element-populated\">\n\t\t\t\t\t\t<div class=\"elementor-element elementor-element-475ff784 elementor-widget elementor-widget-heading\" data-id=\"475ff784\" data-element_type=\"widget\" data-e-type=\"widget\" data-widget_type=\"heading.default\">\n\t\t\t\t<div class=\"elementor-widget-container\">\n\t\t\t\t\t<h1 class=\"elementor-heading-title elementor-size-default\">Gum Aesthetics<\/h1>\t\t\t\t<\/div>\n\t\t\t\t<\/div>\n\t\t\t\t<div class=\"elementor-element elementor-element-4f542ebc elementor-widget__width-inherit elementor-widget-mobile__width-inherit elementor-widget elementor-widget-text-editor\" data-id=\"4f542ebc\" data-element_type=\"widget\" data-e-type=\"widget\" data-widget_type=\"text-editor.default\">\n\t\t\t\t<div class=\"elementor-widget-container\">\n\t\t\t\t\t\t\t\t\t<div class=\"wpb_column vc_column_container us_custom_0f20e29a\"><div class=\"vc_column-inner\"><div class=\"wpb_text_column\"><div class=\"wpb_wrapper\"><div class=\"wpb_text_column us_custom_d44d8758 has_text_color\"><div class=\"wpb_wrapper\"><p data-start=\"163\" data-end=\"355\"><strong data-start=\"163\" data-end=\"353\">At Di\u015fyeri Grup Dental Clinic, we specialize in gum aesthetics treatments including gummy smile correction, gingivectomy, and botox applications to restore healthy and attractive smiles.<\/strong><\/p><\/div><\/div><\/div><\/div><\/div><\/div>\t\t\t\t\t\t\t\t<\/div>\n\t\t\t\t<\/div>\n\t\t\t\t\t<\/div>\n\t\t<\/div>\n\t\t\t\t\t<\/div>\n\t\t<\/section>\n\t\t\t\t\t<\/div>\n\t\t<\/div>\n\t\t\t\t\t<\/div>\n\t\t<\/section>\n\t\t<div class=\"elementor-element elementor-element-78836 e-flex e-con-boxed wpr-particle-no wpr-jarallax-no wpr-parallax-no wpr-sticky-section-no e-con e-parent\" data-id=\"78836\" data-element_type=\"container\" data-e-type=\"container\">\n\t\t\t\t\t<div class=\"e-con-inner\">\n\t\t\t\t<div class=\"elementor-element elementor-element-693fd2ae elementor-widget elementor-widget-text-editor\" data-id=\"693fd2ae\" data-element_type=\"widget\" data-e-type=\"widget\" data-widget_type=\"text-editor.default\">\n\t\t\t\t<div class=\"elementor-widget-container\">\n\t\t\t\t\t\t\t\t\t<p><img fetchpriority=\"high\" decoding=\"async\" class=\"aligncenter wp-image-7407 size-medium\" src=\"https:\/\/disyeri.com.tr\/wp-content\/uploads\/2025\/09\/dis-eti-estetigi-300x300.png\" alt=\"Di\u015f Eti Esteti\u011fi Di\u015fyeri Grup\" width=\"300\" height=\"300\" srcset=\"https:\/\/disyeri.com.tr\/wp-content\/uploads\/2025\/09\/dis-eti-estetigi-300x300.png 300w, https:\/\/disyeri.com.tr\/wp-content\/uploads\/2025\/09\/dis-eti-estetigi-1024x1024.png 1024w, https:\/\/disyeri.com.tr\/wp-content\/uploads\/2025\/09\/dis-eti-estetigi-150x150.png 150w, https:\/\/disyeri.com.tr\/wp-content\/uploads\/2025\/09\/dis-eti-estetigi-768x768.png 768w, https:\/\/disyeri.com.tr\/wp-content\/uploads\/2025\/09\/dis-eti-estetigi-1536x1536.png 1536w, https:\/\/disyeri.com.tr\/wp-content\/uploads\/2025\/09\/dis-eti-estetigi-2048x2048.png 2048w, https:\/\/disyeri.com.tr\/wp-content\/uploads\/2025\/09\/dis-eti-estetigi-700x700.png 700w, https:\/\/disyeri.com.tr\/wp-content\/uploads\/2025\/09\/dis-eti-estetigi-96x96.png 96w\" sizes=\"(max-width: 300px) 100vw, 300px\" \/><\/p><h2 data-start=\"357\" data-end=\"384\">What is a Gummy Smile?<\/h2><p data-start=\"385\" data-end=\"696\">A gummy smile occurs when an excessive amount of gum tissue is visible while smiling. This condition can make the teeth appear shorter and disrupt the overall balance of the smile. At Di\u015fyeri Grup Dental Clinic, customized gum aesthetics treatments are designed to eliminate this issue safely and effectively.<\/p><h2 data-start=\"698\" data-end=\"732\">How is a Gummy Smile Treated?<\/h2><p data-start=\"733\" data-end=\"1088\">The treatment of a gummy smile depends on its cause. If it is due to excessive gum tissue, laser gingivectomy is performed; if it is caused by overactive upper lip muscles, botox injections are recommended. At Di\u015fyeri Grup, our specialists evaluate facial structure, dental alignment, and patient expectations to create the most suitable treatment plan.<\/p><h2 data-start=\"1090\" data-end=\"1138\">Gummy Smile Treatment with Botox Injections<\/h2><p data-start=\"1139\" data-end=\"1506\">Botox injections provide a quick and effective solution for gummy smile correction. By limiting the movement of the upper lip muscles, botox reduces gum visibility when smiling. Its effects last about 6\u20138 months and can be repeated if necessary. At Di\u015fyeri Grup Dental Clinic, all botox applications are performed by experienced professionals in a safe environment.<\/p><h2 data-start=\"1508\" data-end=\"1547\">Gingivectomy \u2013 Laser Gum Treatment<\/h2><p data-start=\"1548\" data-end=\"1904\">Gingivectomy is a procedure where excessive gum tissue is reshaped with a laser. This treatment makes the teeth look longer and more aesthetic. Laser technology ensures minimal discomfort and a fast recovery process. At Di\u015fyeri Grup, gingivectomy is performed using modern equipment in a sterile clinical environment, ensuring patient comfort and safety.<\/p><h2 data-start=\"1906\" data-end=\"1935\">Gum Aesthetics in Turkey<\/h2><p data-start=\"1936\" data-end=\"2076\">Turkey has become one of the top destinations for health tourism thanks to advanced medical technologies and high-quality dental services.<\/p><ul data-start=\"2078\" data-end=\"2599\"><li data-start=\"2078\" data-end=\"2186\"><p data-start=\"2080\" data-end=\"2186\"><strong data-start=\"2080\" data-end=\"2126\">Advanced Technology &amp; Skilled Specialists:<\/strong> European-standard healthcare and highly trained dentists.<\/p><\/li><li data-start=\"2187\" data-end=\"2302\"><p data-start=\"2189\" data-end=\"2302\"><strong data-start=\"2189\" data-end=\"2210\">Affordable Costs:<\/strong> Dental and gum treatments in Turkey are up to 70% cheaper compared to Europe and the USA.<\/p><\/li><li data-start=\"2303\" data-end=\"2470\"><p data-start=\"2305\" data-end=\"2470\"><strong data-start=\"2305\" data-end=\"2341\">International Patient Assurance:<\/strong> Clinics are monitored and approved by the Turkish Ministry of Health and must hold a Health Tourism Authorization Certificate.<\/p><\/li><li data-start=\"2471\" data-end=\"2599\"><p data-start=\"2473\" data-end=\"2599\"><strong data-start=\"2473\" data-end=\"2499\">Tourism Opportunities:<\/strong> Patients can combine treatment with visits to Turkey\u2019s historical landmarks and natural beauties.<\/p><\/li><\/ul><p data-start=\"2601\" data-end=\"2738\">At Di\u015fyeri Grup Dental Clinic, patients from over 54 countries receive reliable gum aesthetics and advanced cosmetic dental treatments.<\/p><h2 data-start=\"2740\" data-end=\"2775\">Gum Aesthetics at Di\u015fyeri Grup<\/h2><p data-start=\"2776\" data-end=\"3095\">Di\u015fyeri Grup Dental Clinic offers personalized treatment options to create natural, healthy, and aesthetic smiles. From botox injections to gingivectomy and advanced cosmetic applications, all treatments are performed by expert dentists with guaranteed materials, a patient-centered approach, and transparent pricing.<\/p><h2 data-start=\"3097\" data-end=\"3141\">Advantage of a Night-Open Dental Clinic<\/h2><p data-start=\"3142\" data-end=\"3303\">Di\u015fyeri Grup Dental Clinic is open weekdays and Saturdays from 10:00 to 24:00, and Sundays from 14:00 to 24:00, offering flexible scheduling for busy patients.<\/p><h2 data-start=\"3305\" data-end=\"3335\">Price\u2013Performance Balance<\/h2><p data-start=\"3336\" data-end=\"3687\">The cost of gum aesthetics treatment varies depending on the method used and the patient\u2019s needs. At Di\u015fyeri Grup Dental Clinic, we provide functional and aesthetic solutions at affordable prices, ensuring the best value for your investment. Free examinations and panoramic X-rays are available to determine the most suitable treatment plan for you.<\/p><h2 data-start=\"3689\" data-end=\"3701\">Contact<\/h2><p data-start=\"3702\" data-end=\"3831\">\ud83d\udcde Phone: <strong data-start=\"3712\" data-end=\"3725\">444 2 660<\/strong><br data-start=\"3725\" data-end=\"3728\" \/>\ud83d\udce7 E-mail: <strong data-start=\"3739\" data-end=\"3762\"><a class=\"decorated-link cursor-pointer\" rel=\"noopener\" data-start=\"3741\" data-end=\"3760\">info@disyeri.com.tr<\/a><\/strong><br data-start=\"3762\" data-end=\"3765\" \/>\ud83c\udf10 Website: <strong data-start=\"3777\" data-end=\"3829\"><a class=\"decorated-link\" href=\"https:\/\/www.disyeri.com.tr?utm_source=chatgpt.com\" target=\"_new\" rel=\"noopener\" data-start=\"3779\" data-end=\"3827\">www.disyeri.com.tr<\/a><\/strong><\/p>\t\t\t\t\t\t\t\t<\/div>\n\t\t\t\t<\/div>\n\t\t\t\t\t<\/div>\n\t\t\t\t<\/div>\n\t\t\t\t<section class=\"elementor-section elementor-top-section elementor-element elementor-element-1c57eee6 elementor-section-boxed elementor-section-height-default elementor-section-height-default wpr-particle-no wpr-jarallax-no wpr-parallax-no wpr-sticky-section-no\" data-id=\"1c57eee6\" data-element_type=\"section\" data-e-type=\"section\" data-settings=\"{&quot;background_background&quot;:&quot;classic&quot;}\">\n\t\t\t\t\t\t\t<div class=\"elementor-background-overlay\"><\/div>\n\t\t\t\t\t\t\t<div class=\"elementor-container elementor-column-gap-default\">\n\t\t\t\t\t<div class=\"elementor-column elementor-col-100 elementor-top-column elementor-element elementor-element-7f2bfff9\" data-id=\"7f2bfff9\" data-element_type=\"column\" data-e-type=\"column\">\n\t\t\t<div class=\"elementor-widget-wrap elementor-element-populated\">\n\t\t\t\t\t\t<section class=\"elementor-section elementor-inner-section elementor-element elementor-element-527bd326 elementor-section-boxed elementor-section-height-default elementor-section-height-default wpr-particle-no wpr-jarallax-no wpr-parallax-no wpr-sticky-section-no\" data-id=\"527bd326\" data-element_type=\"section\" data-e-type=\"section\">\n\t\t\t\t\t\t<div class=\"elementor-container elementor-column-gap-default\">\n\t\t\t\t\t<div class=\"elementor-column elementor-col-100 elementor-inner-column elementor-element elementor-element-3fd5bce1\" data-id=\"3fd5bce1\" data-element_type=\"column\" data-e-type=\"column\">\n\t\t\t<div class=\"elementor-widget-wrap elementor-element-populated\">\n\t\t\t\t\t\t<div class=\"elementor-element elementor-element-7782c042 elementor-widget elementor-widget-heading\" data-id=\"7782c042\" data-element_type=\"widget\" data-e-type=\"widget\" data-widget_type=\"heading.default\">\n\t\t\t\t<div class=\"elementor-widget-container\">\n\t\t\t\t\t<h2 class=\"elementor-heading-title elementor-size-default\">Request Your Free Treatment Plan with Special Price Now!<\/h2>\t\t\t\t<\/div>\n\t\t\t\t<\/div>\n\t\t\t\t<div class=\"elementor-element elementor-element-7cd066a8 elementor-widget-mobile__width-inherit elementor-widget elementor-widget-text-editor\" data-id=\"7cd066a8\" data-element_type=\"widget\" data-e-type=\"widget\" data-widget_type=\"text-editor.default\">\n\t\t\t\t<div class=\"elementor-widget-container\">\n\t\t\t\t\t\t\t\t\t<div class=\"wpb_text_column us_custom_eb849559\">\n<div class=\"wpb_wrapper\">\n<p>Our expert patient representatives look forward to planning your treatment process from start to finish free of charge and getting to know you better.<\/p>\n<\/div>\n<\/div>\n\t\t\t\t\t\t\t\t<\/div>\n\t\t\t\t<\/div>\n\t\t\t\t<section class=\"elementor-section elementor-inner-section elementor-element elementor-element-2edad31b elementor-section-boxed elementor-section-height-default elementor-section-height-default wpr-particle-no wpr-jarallax-no wpr-parallax-no wpr-sticky-section-no\" data-id=\"2edad31b\" data-element_type=\"section\" data-e-type=\"section\">\n\t\t\t\t\t\t<div class=\"elementor-container elementor-column-gap-default\">\n\t\t\t\t\t<div class=\"elementor-column elementor-col-33 elementor-inner-column elementor-element elementor-element-278a3319\" data-id=\"278a3319\" data-element_type=\"column\" data-e-type=\"column\">\n\t\t\t<div class=\"elementor-widget-wrap\">\n\t\t\t\t\t\t\t<\/div>\n\t\t<\/div>\n\t\t\t\t<div class=\"elementor-column elementor-col-33 elementor-inner-column elementor-element elementor-element-27f747a0\" data-id=\"27f747a0\" data-element_type=\"column\" data-e-type=\"column\">\n\t\t\t<div class=\"elementor-widget-wrap elementor-element-populated\">\n\t\t\t\t\t\t<div class=\"elementor-element elementor-element-1c50968a elementor-view-stacked elementor-shape-square elementor-position-inline-start elementor-mobile-position-inline-start elementor-widget elementor-widget-icon-box\" data-id=\"1c50968a\" data-element_type=\"widget\" data-e-type=\"widget\" data-widget_type=\"icon-box.default\">\n\t\t\t\t<div class=\"elementor-widget-container\">\n\t\t\t\t\t\t\t<div class=\"elementor-icon-box-wrapper\">\n\n\t\t\t\t\t\t<div class=\"elementor-icon-box-icon\">\n\t\t\t\t<a href=\"https:\/\/api.whatsapp.com\/send\/?phone=905301222660\" target=\"_blank\" class=\"elementor-icon\" tabindex=\"-1\" aria-label=\"0 530 122 26 60\">\n\t\t\t\t<svg aria-hidden=\"true\" class=\"e-font-icon-svg e-fas-phone-volume\" viewBox=\"0 0 384 512\" xmlns=\"http:\/\/www.w3.org\/2000\/svg\"><path d=\"M97.333 506.966c-129.874-129.874-129.681-340.252 0-469.933 5.698-5.698 14.527-6.632 21.263-2.422l64.817 40.513a17.187 17.187 0 0 1 6.849 20.958l-32.408 81.021a17.188 17.188 0 0 1-17.669 10.719l-55.81-5.58c-21.051 58.261-20.612 122.471 0 179.515l55.811-5.581a17.188 17.188 0 0 1 17.669 10.719l32.408 81.022a17.188 17.188 0 0 1-6.849 20.958l-64.817 40.513a17.19 17.19 0 0 1-21.264-2.422zM247.126 95.473c11.832 20.047 11.832 45.008 0 65.055-3.95 6.693-13.108 7.959-18.718 2.581l-5.975-5.726c-3.911-3.748-4.793-9.622-2.261-14.41a32.063 32.063 0 0 0 0-29.945c-2.533-4.788-1.65-10.662 2.261-14.41l5.975-5.726c5.61-5.378 14.768-4.112 18.718 2.581zm91.787-91.187c60.14 71.604 60.092 175.882 0 247.428-4.474 5.327-12.53 5.746-17.552.933l-5.798-5.557c-4.56-4.371-4.977-11.529-.93-16.379 49.687-59.538 49.646-145.933 0-205.422-4.047-4.85-3.631-12.008.93-16.379l5.798-5.557c5.022-4.813 13.078-4.394 17.552.933zm-45.972 44.941c36.05 46.322 36.108 111.149 0 157.546-4.39 5.641-12.697 6.251-17.856 1.304l-5.818-5.579c-4.4-4.219-4.998-11.095-1.285-15.931 26.536-34.564 26.534-82.572 0-117.134-3.713-4.836-3.115-11.711 1.285-15.931l5.818-5.579c5.159-4.947 13.466-4.337 17.856 1.304z\"><\/path><\/svg>\t\t\t\t<\/a>\n\t\t\t<\/div>\n\t\t\t\n\t\t\t\t\t\t<div class=\"elementor-icon-box-content\">\n\n\t\t\t\t\t\t\t\t\t<h3 class=\"elementor-icon-box-title\">\n\t\t\t\t\t\t<a href=\"https:\/\/api.whatsapp.com\/send\/?phone=905301222660\" target=\"_blank\" >\n\t\t\t\t\t\t\t0 530 122 26 60\t\t\t\t\t\t<\/a>\n\t\t\t\t\t<\/h3>\n\t\t\t\t\n\t\t\t\t\t\t\t\t\t<p class=\"elementor-icon-box-description\">\n\t\t\t\t\t\tWHATSAPP\t\t\t\t\t<\/p>\n\t\t\t\t\n\t\t\t<\/div>\n\t\t\t\n\t\t<\/div>\n\t\t\t\t\t\t<\/div>\n\t\t\t\t<\/div>\n\t\t\t\t\t<\/div>\n\t\t<\/div>\n\t\t\t\t<div class=\"elementor-column elementor-col-33 elementor-inner-column elementor-element elementor-element-778be93a\" data-id=\"778be93a\" data-element_type=\"column\" data-e-type=\"column\">\n\t\t\t<div class=\"elementor-widget-wrap\">\n\t\t\t\t\t\t\t<\/div>\n\t\t<\/div>\n\t\t\t\t\t<\/div>\n\t\t<\/section>\n\t\t\t\t\t<\/div>\n\t\t<\/div>\n\t\t\t\t\t<\/div>\n\t\t<\/section>\n\t\t\t\t<section class=\"elementor-section elementor-inner-section elementor-element elementor-element-6025c101 elementor-section-full_width elementor-section-height-default elementor-section-height-default wpr-particle-no wpr-jarallax-no wpr-parallax-no wpr-sticky-section-no\" data-id=\"6025c101\" data-element_type=\"section\" data-e-type=\"section\">\n\t\t\t\t\t\t<div class=\"elementor-container elementor-column-gap-no\">\n\t\t\t\t\t<div class=\"elementor-column elementor-col-50 elementor-inner-column elementor-element elementor-element-76714652\" data-id=\"76714652\" data-element_type=\"column\" data-e-type=\"column\">\n\t\t\t<div class=\"elementor-widget-wrap elementor-element-populated\">\n\t\t\t\t\t\t<div class=\"elementor-element elementor-element-1a1c675f elementor-widget elementor-widget-image\" data-id=\"1a1c675f\" data-element_type=\"widget\" data-e-type=\"widget\" data-widget_type=\"image.default\">\n\t\t\t\t<div class=\"elementor-widget-container\">\n\t\t\t\t\t\t\t\t\t\t\t\t\t\t\t<img decoding=\"async\" width=\"768\" height=\"768\" src=\"https:\/\/disyeri.com.tr\/wp-content\/uploads\/2024\/06\/Adsiz-tasarim-2-1-768x768.png\" class=\"attachment-medium_large size-medium_large wp-image-5555\" alt=\"Di\u015fyeri Grup Di\u015f Klini\u011fi Di\u015f Hekimleri-1\" srcset=\"https:\/\/disyeri.com.tr\/wp-content\/uploads\/2024\/06\/Adsiz-tasarim-2-1-768x768.png 768w, https:\/\/disyeri.com.tr\/wp-content\/uploads\/2024\/06\/Adsiz-tasarim-2-1-300x300.png 300w, https:\/\/disyeri.com.tr\/wp-content\/uploads\/2024\/06\/Adsiz-tasarim-2-1-1024x1024.png 1024w, https:\/\/disyeri.com.tr\/wp-content\/uploads\/2024\/06\/Adsiz-tasarim-2-1-150x150.png 150w, https:\/\/disyeri.com.tr\/wp-content\/uploads\/2024\/06\/Adsiz-tasarim-2-1-96x96.png 96w, https:\/\/disyeri.com.tr\/wp-content\/uploads\/2024\/06\/Adsiz-tasarim-2-1.png 1080w\" sizes=\"(max-width: 768px) 100vw, 768px\" \/>\t\t\t\t\t\t\t\t\t\t\t\t\t\t\t<\/div>\n\t\t\t\t<\/div>\n\t\t\t\t\t<\/div>\n\t\t<\/div>\n\t\t\t\t<div class=\"elementor-column elementor-col-50 elementor-inner-column elementor-element elementor-element-403242e\" data-id=\"403242e\" data-element_type=\"column\" data-e-type=\"column\" data-settings=\"{&quot;background_background&quot;:&quot;classic&quot;}\">\n\t\t\t<div class=\"elementor-widget-wrap elementor-element-populated\">\n\t\t\t\t\t\t<div class=\"elementor-element elementor-element-200b55d elementor-widget elementor-widget-heading\" data-id=\"200b55d\" data-element_type=\"widget\" data-e-type=\"widget\" data-widget_type=\"heading.default\">\n\t\t\t\t<div class=\"elementor-widget-container\">\n\t\t\t\t\t<h2 class=\"elementor-heading-title elementor-size-default\">Let us call you\n<\/h2>\t\t\t\t<\/div>\n\t\t\t\t<\/div>\n\t\t\t\t<div class=\"elementor-element elementor-element-37d584b6 elementor-widget-mobile__width-inherit elementor-widget elementor-widget-text-editor\" data-id=\"37d584b6\" data-element_type=\"widget\" data-e-type=\"widget\" data-widget_type=\"text-editor.default\">\n\t\t\t\t<div class=\"elementor-widget-container\">\n\t\t\t\t\t\t\t\t\t<div class=\"wpb_text_column us_custom_eb849559\">\n<div class=\"wpb_wrapper\">\n<div class=\"wpb_text_column us_custom_3c2e9182\">\n<div class=\"wpb_wrapper\">\n<p>You can take your first step to a magnificent smile by filling out the form below. Our health advisors will contact you as soon as possible. <\/p>\n<\/div>\n<\/div>\n<\/div>\n<\/div>\n\t\t\t\t\t\t\t\t<\/div>\n\t\t\t\t<\/div>\n\t\t\t\t<div class=\"elementor-element elementor-element-3d147729 elementor-button-align-stretch elementor-widget elementor-widget-form\" data-id=\"3d147729\" data-element_type=\"widget\" data-e-type=\"widget\" data-settings=\"{&quot;step_next_label&quot;:&quot;Next&quot;,&quot;step_previous_label&quot;:&quot;Previous&quot;,&quot;button_width&quot;:&quot;100&quot;,&quot;step_type&quot;:&quot;number_text&quot;,&quot;step_icon_shape&quot;:&quot;circle&quot;}\" data-widget_type=\"form.default\">\n\t\t\t\t<div class=\"elementor-widget-container\">\n\t\t\t\t\t\t\t<form class=\"elementor-form\" method=\"post\" name=\"New Form\">\n\t\t\t<input type=\"hidden\" name=\"post_id\" value=\"6332\"\/>\n\t\t\t<input type=\"hidden\" name=\"form_id\" value=\"3d147729\"\/>\n\t\t\t<input type=\"hidden\" name=\"referer_title\" value=\"\" \/>\n\n\t\t\t\n\t\t\t<div class=\"elementor-form-fields-wrapper elementor-labels-\">\n\t\t\t\t\t\t\t\t<div class=\"elementor-field-type-text elementor-field-group elementor-column elementor-field-group-name elementor-col-100\">\n\t\t\t\t\t\t\t\t\t\t\t\t<label for=\"form-field-name\" class=\"elementor-field-label elementor-screen-only\">\n\t\t\t\t\t\t\t\tYour Name and Surname\t\t\t\t\t\t\t<\/label>\n\t\t\t\t\t\t\t\t\t\t\t\t\t\t<input size=\"1\" type=\"text\" name=\"form_fields[name]\" id=\"form-field-name\" class=\"elementor-field elementor-size-sm  elementor-field-textual\" placeholder=\"Your Name and Surname\">\n\t\t\t\t\t\t\t\t\t\t\t<\/div>\n\t\t\t\t\t\t\t\t<div class=\"elementor-field-type-email elementor-field-group elementor-column elementor-field-group-email elementor-col-100 elementor-field-required\">\n\t\t\t\t\t\t\t\t\t\t\t\t<label for=\"form-field-email\" class=\"elementor-field-label elementor-screen-only\">\n\t\t\t\t\t\t\t\tYour Phone Number\t\t\t\t\t\t\t<\/label>\n\t\t\t\t\t\t\t\t\t\t\t\t\t\t<input size=\"1\" type=\"email\" name=\"form_fields[email]\" id=\"form-field-email\" class=\"elementor-field elementor-size-sm  elementor-field-textual\" placeholder=\"Your Phone Number\" required=\"required\" aria-required=\"true\">\n\t\t\t\t\t\t\t\t\t\t\t<\/div>\n\t\t\t\t\t\t\t\t<div class=\"elementor-field-group elementor-column elementor-field-type-submit elementor-col-100 e-form__buttons\">\n\t\t\t\t\t<button type=\"submit\" class=\"elementor-button elementor-size-sm\">\n\t\t\t\t\t\t<span >\n\t\t\t\t\t\t\t\t\t\t\t\t\t\t\t<span class=\" elementor-button-icon\">\n\t\t\t\t\t\t\t\t\t\t\t\t\t\t\t\t\t\t\t\t\t\t\t\t\t\t<\/span>\n\t\t\t\t\t\t\t\t\t\t\t\t\t\t\t\t\t\t\t\t\t\t<span class=\"elementor-button-text\">SEND<\/span>\n\t\t\t\t\t\t\t\t\t\t\t\t\t<\/span>\n\t\t\t\t\t<\/button>\n\t\t\t\t<\/div>\n\t\t\t<\/div>\n\t\t<\/form>\n\t\t\t\t\t\t<\/div>\n\t\t\t\t<\/div>\n\t\t\t\t\t<\/div>\n\t\t<\/div>\n\t\t\t\t\t<\/div>\n\t\t<\/section>\n\t\t\t\t\t<\/div>\n\t\t<\/div>\n\t\t\t\t\t<\/div>\n\t\t<\/section>\n\t\t\t\t<\/div>\n\t\t","protected":false},"excerpt":{"rendered":"<p>Gum Aesthetics Gum aesthetics is a treatment area that corrects and improves the appearance of your gums so that you have a healthy and aesthetic smile. A beautiful smile is completed not only with straight teeth but also with healthy and symmetrical gums. Gum aesthetics aims to perfect your smile by solving aesthetic problems in your gums. Here are some important aspects of gum aesthetics: Gum Reshaping (Gingivoplasty): In cases where the gums are too visible or cover the teeth excessively, the gums are reshaped with the gingivoplasty procedure. This process makes the teeth look longer and more aesthetic. Gum Recession Treatment: Gum recession can cause tooth roots to be exposed and teeth to become sensitive. This can lead to an aesthetically unpleasant appearance. With gingival recession treatment, the gums are brought back to their former position and a healthy appearance is obtained. Smile Design: Gingival aesthetics ensures that the teeth and gums look harmoniously together. Within the scope of smile design, the most beautiful smile is revealed by ensuring the balance between teeth and gums. Gum Discolorations: Dark discoloration of the gums can negatively affect smile aesthetics. With gum discoloration procedures, these discolorations are removed and a healthier and more aesthetic appearance is obtained. Treatment of Gum Diseases: Healthy gums are the basis of an aesthetic smile. Gum diseases can have negative effects on both health and aesthetics. Within the scope of gingival aesthetics, gum diseases are treated and a healthy and beautiful smile is provided. Gum aesthetics are planned and applied individually by our specialist dentists. A detailed evaluation is made in our clinic to have a perfect smile with healthy, symmetrical and aesthetic gums. You can contact us for more information about gum aesthetics and to make an appointment. Request Your Free Treatment Plan with Special Price Now! Our expert patient representatives look forward to planning your treatment process from start to finish free of charge and getting to know you better. \u00a0 0 530 122 26 60 WHATSAPP Let us call you You can take your first step to a magnificent smile by filling out the form below. Our health advisors will contact you as soon as possible.<\/p>\n","protected":false},"author":6,"featured_media":5072,"parent":5597,"menu_order":0,"comment_status":"closed","ping_status":"closed","template":"","meta":{"_acf_changed":false,"footnotes":""},"class_list":["post-6332","page","type-page","status-publish","has-post-thumbnail","hentry"],"acf":[],"aioseo_notices":[],"_links":{"self":[{"href":"https:\/\/disyeri.com.tr\/en\/wp-json\/wp\/v2\/pages\/6332","targetHints":{"allow":["GET"]}}],"collection":[{"href":"https:\/\/disyeri.com.tr\/en\/wp-json\/wp\/v2\/pages"}],"about":[{"href":"https:\/\/disyeri.com.tr\/en\/wp-json\/wp\/v2\/types\/page"}],"author":[{"embeddable":true,"href":"https:\/\/disyeri.com.tr\/en\/wp-json\/wp\/v2\/users\/6"}],"replies":[{"embeddable":true,"href":"https:\/\/disyeri.com.tr\/en\/wp-json\/wp\/v2\/comments?post=6332"}],"version-history":[{"count":6,"href":"https:\/\/disyeri.com.tr\/en\/wp-json\/wp\/v2\/pages\/6332\/revisions"}],"predecessor-version":[{"id":7417,"href":"https:\/\/disyeri.com.tr\/en\/wp-json\/wp\/v2\/pages\/6332\/revisions\/7417"}],"up":[{"embeddable":true,"href":"https:\/\/disyeri.com.tr\/en\/wp-json\/wp\/v2\/pages\/5597"}],"wp:featuredmedia":[{"embeddable":true,"href":"https:\/\/disyeri.com.tr\/en\/wp-json\/wp\/v2\/media\/5072"}],"wp:attachment":[{"href":"https:\/\/disyeri.com.tr\/en\/wp-json\/wp\/v2\/media?parent=6332"}],"curies":[{"name":"wp","href":"https:\/\/api.w.org\/{rel}","templated":true}]}}